{"id":1556,"date":"2022-03-15T14:41:27","date_gmt":"2022-03-15T14:41:27","guid":{"rendered":"http:\/\/www.xn--praxis-tinawei-egb.de\/?page_id=1556"},"modified":"2022-03-24T14:07:01","modified_gmt":"2022-03-24T14:07:01","slug":"paarberatung","status":"publish","type":"page","link":"https:\/\/www.xn--praxis-tinawei-egb.de\/index.php\/paarberatung\/","title":{"rendered":"Paarberatung"},"content":{"rendered":"\n<p><\/p>\n\n\n<style>#kt-layout-id_49db19-b2{margin-top:0px;margin-bottom:0px;}#kt-layout-id_49db19-b2 > .kt-row-column-wrap{align-content:center;}:where(#kt-layout-id_49db19-b2 > .kt-row-column-wrap) > .wp-block-kadence-column{justify-content:center;}#kt-layout-id_49db19-b2 > .kt-row-column-wrap{column-gap:var(--global-kb-gap-md, 2rem);row-gap:var(--global-kb-gap-none, 0rem );max-width:1127px;margin-left:auto;margin-right:auto;padding-top:var( --global-kb-row-default-top, 25px );padding-bottom:var( --global-kb-row-default-bottom, 25px );padding-top:0px;padding-bottom:50px;padding-left:0px;padding-right:0px;grid-template-columns:repeat(2, minmax(0, 1fr));}#kt-layout-id_49db19-b2{border-top-width:0px;border-right-width:0px;border-bottom-width:0px;border-left-width:0px;}#kt-layout-id_49db19-b2{background-color:#ffffff;}#kt-layout-id_49db19-b2 > .kt-row-layout-overlay{opacity:0.00;background-color:rgba(0, 0, 0, 0);}#kt-layout-id_49db19-b2 .kt-row-layout-bottom-sep{height:100px;}#kt-layout-id_49db19-b2 .kt-row-layout-bottom-sep svg{width:0%;}#kt-layout-id_49db19-b2 .kt-row-layout-bottom-sep svg{fill:#ffffff!important;}@media all and (max-width: 1024px){#kt-layout-id_49db19-b2 > .kt-row-column-wrap{padding-top:30px;padding-right:100px;padding-bottom:30px;padding-left:100px;grid-template-columns:repeat(2, minmax(0, 1fr));}}@media all and (max-width: 1024px){#kt-layout-id_49db19-b2 .kt-row-layout-bottom-sep{height:px;}}@media all and (max-width: 1024px){#kt-layout-id_49db19-b2 .kt-row-layout-bottom-sep svg{width:%;}}@media all and (max-width: 767px){#kt-layout-id_49db19-b2{margin-top:0px;margin-bottom:0px;}#kt-layout-id_49db19-b2 > .kt-row-column-wrap{padding-top:60px;padding-bottom:30px;padding-left:40px;padding-right:40px;grid-template-columns:minmax(0, 1fr);}#kt-layout-id_49db19-b2 .kt-row-layout-bottom-sep{height:px;}#kt-layout-id_49db19-b2 .kt-row-layout-bottom-sep svg{width:%;}}<\/style>\n<div class=\"wp-block-kadence-rowlayout alignwide\"><div id=\"kt-layout-id_49db19-b2\" class=\"kt-row-layout-inner kt-row-has-bg kt-layout-id_49db19-b2\"><div class=\"kt-row-layout-overlay kt-row-overlay-normal\"><\/div><div class=\"kt-row-column-wrap kt-has-2-columns kt-gutter-default kt-v-gutter-none kt-row-valign-middle kt-row-layout-equal kt-tab-layout-inherit kt-m-colapse-left-to-right kt-mobile-layout-row\"><style>.kadence-column_6f970f-a1 > .kt-inside-inner-col{padding-top:20px;padding-bottom:20px;padding-left:20px;padding-right:50px;}.kadence-column_6f970f-a1 > .kt-inside-inner-col{border-top-width:0px;border-right-width:0px;border-bottom-width:0px;border-left-width:0px;}.kadence-column_6f970f-a1 > .kt-inside-inner-col,.kadence-column_6f970f-a1 > .kt-inside-inner-col:before{border-top-left-radius:0px;border-top-right-radius:0px;border-bottom-right-radius:0px;border-bottom-left-radius:0px;}.kadence-column_6f970f-a1 > .kt-inside-inner-col{column-gap:var(--global-kb-gap-sm, 1rem);}.kadence-column_6f970f-a1 > .kt-inside-inner-col{flex-direction:column;}.kadence-column_6f970f-a1 > .kt-inside-inner-col > .aligncenter{width:100%;}.kadence-column_6f970f-a1 > .kt-inside-inner-col:before{opacity:0.3;}.kadence-column_6f970f-a1{position:relative;}@media all and (max-width: 1024px){.kadence-column_6f970f-a1 > .kt-inside-inner-col{flex-direction:column;justify-content:center;}}@media all and (max-width: 767px){.kadence-column_6f970f-a1 > .kt-inside-inner-col{padding-top:0px;padding-bottom:0px;padding-left:0px;padding-right:0px;flex-direction:column;justify-content:center;}}<\/style>\n<div class=\"wp-block-kadence-column inner-column-1 kadence-column_6f970f-a1\"><div class=\"kt-inside-inner-col\"><style>.wp-block-kadence-advancedheading.kt-adv-heading_7ec988-2d, .wp-block-kadence-advancedheading.kt-adv-heading_7ec988-2d[data-kb-block=\"kb-adv-heading_7ec988-2d\"]{margin-top:0px;margin-bottom:40px;font-size:40px;line-height:1.3em;font-style:normal;}.wp-block-kadence-advancedheading.kt-adv-heading_7ec988-2d mark.kt-highlight, .wp-block-kadence-advancedheading.kt-adv-heading_7ec988-2d[data-kb-block=\"kb-adv-heading_7ec988-2d\"] mark.kt-highlight{font-style:normal;color:#f76a0c;-webkit-box-decoration-break:clone;box-decoration-break:clone;padding-top:0px;padding-right:0px;padding-bottom:0px;padding-left:0px;}.wp-block-kadence-advancedheading.kt-adv-heading_7ec988-2d img.kb-inline-image, .wp-block-kadence-advancedheading.kt-adv-heading_7ec988-2d[data-kb-block=\"kb-adv-heading_7ec988-2d\"] img.kb-inline-image{width:150px;vertical-align:baseline;}@media all and (max-width: 767px){.wp-block-kadence-advancedheading.kt-adv-heading_7ec988-2d, .wp-block-kadence-advancedheading.kt-adv-heading_7ec988-2d[data-kb-block=\"kb-adv-heading_7ec988-2d\"]{font-size:28px;}}<\/style>\n<h3 class=\"kt-adv-heading_7ec988-2d wp-block-kadence-advancedheading has-kb-palette-4-color has-text-color\" data-kb-block=\"kb-adv-heading_7ec988-2d\">Paarberatung.<\/h3>\n\n\n\n<p>Sch\u00f6n, dass Sie da sind! Wir kennen uns bereits\u2026?<\/p>\n\n\n\n<p>Das ist sehr gut m\u00f6glich! Vielleicht sind wir uns im Rahmen meiner fr\u00fcheren Passion, dem Planen von Hochzeiten oder in meiner Brautmodenboutique in Limburg schon begegnet?<br>Durch die Arbeit in der Hochzeitsbranche lagen mir Paare schon immer am Herzen. Daran hat sich bis heute nichts ge\u00e4ndert! <br>Die tiefe Verbindung zwischen 2 Menschen hat f\u00fcr mich einen hohen Wert, egal ob verheiratet oder nicht! Bei meiner beruflichen Weiterentwicklung im psychotherapeutischen Bereich war mir schnell klar, dass ich gerne auch zuk\u00fcnftig mit Paaren arbeiten m\u00f6chte. Ich durfte Paare an ihrem \u201esch\u00f6nsten Tag\u201c begleiten und m\u00f6chte ihnen nun \u2013 gepr\u00e4gt durch eigene Reifungsprozesse und Beziehungs-bzw. Alltagserfahrungen \u2013 auch in jenen Zeiten zur Seite stehen, in denen sich die Wolken von rosarot in grau verf\u00e4rbt haben. Durch meine Ausbildungen zur Heilpraktikerin f\u00fcr Psychotherapie und Systemischen Beraterin habe ich systemische Verfahren als die \u201eMethode der Wahl\u201c f\u00fcr Paare und Familiensysteme kennengelernt und stehe Ihnen nun gerne als Sparringspartner f\u00fcr Ihre Entwicklungsprozesse zur Verf\u00fcgung!<br>Sie tanzen als Paar bereits seit l\u00e4ngerem um Probleme herum? Dann m\u00f6chte ich Sie gerne einladen einen neuen Tanz zu kreieren, vielleicht dieselben Schritte zu nutzen, aber anders zusammengesetzt, eventuell eine neue Musik einzuspielen, m\u00f6glicherweise die Richtung zu \u00e4ndern oder auch mal den Moment der Stille in die Choreographie einzubauen.<\/p>\n<\/div><\/div>\n\n\n<style>.kadence-column_f26499-5d > .kt-inside-inner-col{padding-top:20px;padding-bottom:20px;padding-left:20px;padding-right:20px;}.kadence-column_f26499-5d > .kt-inside-inner-col{border-top-width:0px;border-right-width:0px;border-bottom-width:0px;border-left-width:0px;}.kadence-column_f26499-5d > .kt-inside-inner-col,.kadence-column_f26499-5d > .kt-inside-inner-col:before{border-top-left-radius:0px;border-top-right-radius:0px;border-bottom-right-radius:0px;border-bottom-left-radius:0px;}.kadence-column_f26499-5d > .kt-inside-inner-col{column-gap:var(--global-kb-gap-sm, 1rem);}.kadence-column_f26499-5d > .kt-inside-inner-col{flex-direction:column;}.kadence-column_f26499-5d > .kt-inside-inner-col > .aligncenter{width:100%;}.kadence-column_f26499-5d > .kt-inside-inner-col:before{opacity:0.3;}.kadence-column_f26499-5d{position:relative;}@media all and (max-width: 1024px){.kadence-column_f26499-5d > .kt-inside-inner-col{flex-direction:column;justify-content:center;}}@media all and (max-width: 767px){.kadence-column_f26499-5d > .kt-inside-inner-col{padding-left:0px;padding-right:0px;flex-direction:column;justify-content:center;}}<\/style>\n<div class=\"wp-block-kadence-column inner-column-2 kadence-column_f26499-5d\"><div class=\"kt-inside-inner-col\"><style>.wp-block-kadence-column.kb-section-dir-horizontal > .kt-inside-inner-col > #kt-info-box_34a349-7d .kt-blocks-info-box-link-wrap{max-width:unset;}#kt-info-box_34a349-7d .kt-blocks-info-box-link-wrap{border-color:var(--global-palette7, #EDF2F7);border-top-width:0px;border-right-width:0px;border-bottom-width:1px;border-left-width:0px;background:var(--global-palette9, #ffffff);padding-top:0px;padding-right:0px;padding-bottom:30px;padding-left:0px;margin-bottom:20px;}#kt-info-box_34a349-7d .kt-blocks-info-box-link-wrap:hover{border-color:var(--global-palette7, #EDF2F7);background:var(--global-palette9, #ffffff);}#kt-info-box_34a349-7d .kadence-info-box-icon-container .kt-info-svg-icon, #kt-info-box_34a349-7d .kt-info-svg-icon-flip, #kt-info-box_34a349-7d .kt-blocks-info-box-number{font-size:50px;}#kt-info-box_34a349-7d .kt-blocks-info-box-media{color:#444444;border-top-width:0px;border-right-width:0px;border-bottom-width:0px;border-left-width:0px;padding-top:10px;padding-right:10px;padding-bottom:10px;padding-left:10px;}#kt-info-box_34a349-7d .kt-blocks-info-box-media-container{margin-top:0px;margin-right:15px;margin-bottom:0px;margin-left:15px;}#kt-info-box_34a349-7d .kt-blocks-info-box-link-wrap:hover .kt-blocks-info-box-media{color:#444444;}#kt-info-box_34a349-7d .kt-infobox-textcontent h3.kt-blocks-info-box-title{padding-top:0px;padding-right:0px;padding-bottom:0px;padding-left:0px;margin-top:0px;margin-right:0px;margin-bottom:20px;margin-left:0px;}#kt-info-box_34a349-7d .kt-blocks-info-box-learnmore{background:transparent;border-width:0px 0px 0px 0px;padding-top:4px;padding-right:8px;padding-bottom:4px;padding-left:8px;margin-top:10px;margin-right:0px;margin-bottom:10px;margin-left:0px;}<\/style>\n<div id=\"kt-info-box_34a349-7d\" class=\"wp-block-kadence-infobox\"><a class=\"kt-blocks-info-box-link-wrap info-box-link kt-blocks-info-box-media-align-top kt-info-halign-left\"><div class=\"kt-infobox-textcontent\"><h3 class=\"kt-blocks-info-box-title\">M\u00f6gliche Themen k\u00f6nnen dabei sein:<\/h3><p class=\"kt-blocks-info-box-text\"><\/p><\/div><\/a><\/div>\n\n\n<style>.wp-block-kadence-iconlist.kt-svg-icon-list-items_819895-8d:not(.this-stops-third-party-issues){margin-top:0px;margin-bottom:0px;}.wp-block-kadence-iconlist.kt-svg-icon-list-items_819895-8d ul.kt-svg-icon-list:not(.this-prevents-issues):not(.this-stops-third-party-issues):not(.tijsloc){margin-top:0px;margin-right:0px;margin-bottom:10px;margin-left:0px;}.wp-block-kadence-iconlist.kt-svg-icon-list-items_819895-8d ul.kt-svg-icon-list{grid-row-gap:5px;}.wp-block-kadence-iconlist.kt-svg-icon-list-items_819895-8d ul.kt-svg-icon-list .kt-svg-icon-list-item-wrap .kt-svg-icon-list-single{margin-right:15px;}.kt-svg-icon-list-items_819895-8d ul.kt-svg-icon-list .kt-svg-icon-list-level-0 .kt-svg-icon-list-single svg{font-size:25px;}.kt-svg-icon-list-items_819895-8d ul.kt-svg-icon-list .kt-svg-icon-list-level-1 .kt-svg-icon-list-single svg{font-size:25px;}.kt-svg-icon-list-items_819895-8d ul.kt-svg-icon-list .kt-svg-icon-list-level-2 .kt-svg-icon-list-single svg{font-size:25px;}.kt-svg-icon-list-items_819895-8d ul.kt-svg-icon-list .kt-svg-icon-list-level-3 .kt-svg-icon-list-single svg{font-size:25px;}.kt-svg-icon-list-items_819895-8d ul.kt-svg-icon-list .kt-svg-icon-list-level-4 .kt-svg-icon-list-single svg{font-size:25px;}.kt-svg-icon-list-items_819895-8d ul.kt-svg-icon-list .kt-svg-icon-list-level-5 .kt-svg-icon-list-single svg{font-size:25px;}.kt-svg-icon-list-items_819895-8d ul.kt-svg-icon-list .kt-svg-icon-list-level-6 .kt-svg-icon-list-single svg{font-size:25px;}.kt-svg-icon-list-items_819895-8d ul.kt-svg-icon-list .kt-svg-icon-list-level-7 .kt-svg-icon-list-single svg{font-size:25px;}.kt-svg-icon-list-items_819895-8d ul.kt-svg-icon-list .kt-svg-icon-list-level-8 .kt-svg-icon-list-single svg{font-size:25px;}.kt-svg-icon-list-items_819895-8d ul.kt-svg-icon-list .kt-svg-icon-list-level-9 .kt-svg-icon-list-single svg{font-size:25px;}<\/style>\n<div class=\"wp-block-kadence-iconlist kt-svg-icon-list-items kt-svg-icon-list-items_819895-8d kt-svg-icon-list-columns-1 alignnone kt-list-icon-aligntop\"><ul class=\"kt-svg-icon-list\"><li class=\"kt-svg-icon-list-style-default kt-svg-icon-list-item-wrap kt-svg-icon-list-item-0\"><div style=\"display:inline-flex;justify-content:center;align-items:center;color:#ffc1b4\" class=\"kt-svg-icon-list-single kt-svg-icon-list-single-fe_checkCircle\"><svg style=\"display:inline-block;vertical-align:middle\" viewbox=\"0 0 24 24\" height=\"25\" width=\"25\" fill=\"none\" stroke=\"currentColor\" xmlns=\"http:\/\/www.w3.org\/2000\/svg\" stroke-width=\"2\" stroke-linecap=\"round\" stroke-linejoin=\"round\" aria-hidden=\"true\"><path d=\"M22 11.08V12a10 10 0 1 1-5.93-9.14\"><\/path><polyline points=\"22 4 12 14.01 9 11.01\"><\/polyline><\/svg><\/div><span class=\"kt-svg-icon-list-text\">Krise als Chance f\u00fcr Ver\u00e4nderung begreifen<\/span><\/li><li class=\"kt-svg-icon-list-style-default kt-svg-icon-list-item-wrap kt-svg-icon-list-item-1\"><div style=\"display:inline-flex;justify-content:center;align-items:center;color:#ffc1b4\" class=\"kt-svg-icon-list-single kt-svg-icon-list-single-fe_checkCircle\"><svg style=\"display:inline-block;vertical-align:middle\" viewbox=\"0 0 24 24\" height=\"25\" width=\"25\" fill=\"none\" stroke=\"currentColor\" xmlns=\"http:\/\/www.w3.org\/2000\/svg\" stroke-width=\"2\" stroke-linecap=\"round\" stroke-linejoin=\"round\" aria-hidden=\"true\"><path d=\"M22 11.08V12a10 10 0 1 1-5.93-9.14\"><\/path><polyline points=\"22 4 12 14.01 9 11.01\"><\/polyline><\/svg><\/div><span class=\"kt-svg-icon-list-text\">Bekannte Muster unterbrechen und alternative Muster entwickeln<\/span><\/li><li class=\"kt-svg-icon-list-style-default kt-svg-icon-list-item-wrap kt-svg-icon-list-item-2\"><div style=\"display:inline-flex;justify-content:center;align-items:center;color:#ffc1b4\" class=\"kt-svg-icon-list-single kt-svg-icon-list-single-fe_checkCircle\"><svg style=\"display:inline-block;vertical-align:middle\" viewbox=\"0 0 24 24\" height=\"25\" width=\"25\" fill=\"none\" stroke=\"currentColor\" xmlns=\"http:\/\/www.w3.org\/2000\/svg\" stroke-width=\"2\" stroke-linecap=\"round\" stroke-linejoin=\"round\" aria-hidden=\"true\"><path d=\"M22 11.08V12a10 10 0 1 1-5.93-9.14\"><\/path><polyline points=\"22 4 12 14.01 9 11.01\"><\/polyline><\/svg><\/div><span class=\"kt-svg-icon-list-text\">Den guten Sinn des Streitens erforschen<\/span><\/li><li class=\"kt-svg-icon-list-style-default kt-svg-icon-list-item-wrap kt-svg-icon-list-item-3\"><div style=\"display:inline-flex;justify-content:center;align-items:center;color:#ffc1b4\" class=\"kt-svg-icon-list-single kt-svg-icon-list-single-fe_checkCircle\"><svg style=\"display:inline-block;vertical-align:middle\" viewbox=\"0 0 24 24\" height=\"25\" width=\"25\" fill=\"none\" stroke=\"currentColor\" xmlns=\"http:\/\/www.w3.org\/2000\/svg\" stroke-width=\"2\" stroke-linecap=\"round\" stroke-linejoin=\"round\" aria-hidden=\"true\"><path d=\"M22 11.08V12a10 10 0 1 1-5.93-9.14\"><\/path><polyline points=\"22 4 12 14.01 9 11.01\"><\/polyline><\/svg><\/div><span class=\"kt-svg-icon-list-text\">Negativen Gef\u00fchlen Raum geben, ebenso wie W\u00fcnschen und Sehns\u00fcchten<\/span><\/li><li class=\"kt-svg-icon-list-style-default kt-svg-icon-list-item-wrap kt-svg-icon-list-item-4\"><div style=\"display:inline-flex;justify-content:center;align-items:center;color:#ffc1b4\" class=\"kt-svg-icon-list-single kt-svg-icon-list-single-fe_checkCircle\"><svg style=\"display:inline-block;vertical-align:middle\" viewbox=\"0 0 24 24\" height=\"25\" width=\"25\" fill=\"none\" stroke=\"currentColor\" xmlns=\"http:\/\/www.w3.org\/2000\/svg\" stroke-width=\"2\" stroke-linecap=\"round\" stroke-linejoin=\"round\" aria-hidden=\"true\"><path d=\"M22 11.08V12a10 10 0 1 1-5.93-9.14\"><\/path><polyline points=\"22 4 12 14.01 9 11.01\"><\/polyline><\/svg><\/div><span class=\"kt-svg-icon-list-text\">Was steht Trennendes zwischen Ihnen?<\/span><\/li><li class=\"kt-svg-icon-list-style-default kt-svg-icon-list-item-wrap kt-svg-icon-list-item-5\"><div style=\"display:inline-flex;justify-content:center;align-items:center;color:#ffc1b4\" class=\"kt-svg-icon-list-single kt-svg-icon-list-single-fe_checkCircle\"><svg style=\"display:inline-block;vertical-align:middle\" viewbox=\"0 0 24 24\" height=\"25\" width=\"25\" fill=\"none\" stroke=\"currentColor\" xmlns=\"http:\/\/www.w3.org\/2000\/svg\" stroke-width=\"2\" stroke-linecap=\"round\" stroke-linejoin=\"round\" aria-hidden=\"true\"><path d=\"M22 11.08V12a10 10 0 1 1-5.93-9.14\"><\/path><polyline points=\"22 4 12 14.01 9 11.01\"><\/polyline><\/svg><\/div><span class=\"kt-svg-icon-list-text\">Was verbindet Sie?<\/span><\/li><li class=\"kt-svg-icon-list-style-default kt-svg-icon-list-item-wrap kt-svg-icon-list-item-6\"><div style=\"display:inline-flex;justify-content:center;align-items:center;color:#ffc1b4\" class=\"kt-svg-icon-list-single kt-svg-icon-list-single-fe_checkCircle\"><svg style=\"display:inline-block;vertical-align:middle\" viewbox=\"0 0 24 24\" height=\"25\" width=\"25\" fill=\"none\" stroke=\"currentColor\" xmlns=\"http:\/\/www.w3.org\/2000\/svg\" stroke-width=\"2\" stroke-linecap=\"round\" stroke-linejoin=\"round\" aria-hidden=\"true\"><path d=\"M22 11.08V12a10 10 0 1 1-5.93-9.14\"><\/path><polyline points=\"22 4 12 14.01 9 11.01\"><\/polyline><\/svg><\/div><span class=\"kt-svg-icon-list-text\">M\u00f6chten Sie sich tats\u00e4chlich von sich\/ einander trennen bzw. wovon m\u00fcssten Sie sich trennen?<\/span><\/li><li class=\"kt-svg-icon-list-style-default kt-svg-icon-list-item-wrap kt-svg-icon-list-item-7\"><div style=\"display:inline-flex;justify-content:center;align-items:center;color:#ffc1b4\" class=\"kt-svg-icon-list-single kt-svg-icon-list-single-fe_checkCircle\"><svg style=\"display:inline-block;vertical-align:middle\" viewbox=\"0 0 24 24\" height=\"25\" width=\"25\" fill=\"none\" stroke=\"currentColor\" xmlns=\"http:\/\/www.w3.org\/2000\/svg\" stroke-width=\"2\" stroke-linecap=\"round\" stroke-linejoin=\"round\" aria-hidden=\"true\"><path d=\"M22 11.08V12a10 10 0 1 1-5.93-9.14\"><\/path><polyline points=\"22 4 12 14.01 9 11.01\"><\/polyline><\/svg><\/div><span class=\"kt-svg-icon-list-text\">Das WIR in den Fokus r\u00fccken<\/span><\/li><li class=\"kt-svg-icon-list-style-default kt-svg-icon-list-item-wrap kt-svg-icon-list-item-8\"><div style=\"display:inline-flex;justify-content:center;align-items:center;color:#ffc1b4\" class=\"kt-svg-icon-list-single kt-svg-icon-list-single-fe_checkCircle\"><svg style=\"display:inline-block;vertical-align:middle\" viewbox=\"0 0 24 24\" height=\"25\" width=\"25\" fill=\"none\" stroke=\"currentColor\" xmlns=\"http:\/\/www.w3.org\/2000\/svg\" stroke-width=\"2\" stroke-linecap=\"round\" stroke-linejoin=\"round\" aria-hidden=\"true\"><path d=\"M22 11.08V12a10 10 0 1 1-5.93-9.14\"><\/path><polyline points=\"22 4 12 14.01 9 11.01\"><\/polyline><\/svg><\/div><span class=\"kt-svg-icon-list-text\">Rituale der Vers\u00f6hnung und des Neubeginns einl\u00e4uten<\/span><\/li><li class=\"kt-svg-icon-list-style-default kt-svg-icon-list-item-wrap kt-svg-icon-list-item-9\"><div style=\"display:inline-flex;justify-content:center;align-items:center;color:#ffc1b4\" class=\"kt-svg-icon-list-single kt-svg-icon-list-single-fe_checkCircle\"><svg style=\"display:inline-block;vertical-align:middle\" viewbox=\"0 0 24 24\" height=\"25\" width=\"25\" fill=\"none\" stroke=\"currentColor\" xmlns=\"http:\/\/www.w3.org\/2000\/svg\" stroke-width=\"2\" stroke-linecap=\"round\" stroke-linejoin=\"round\" aria-hidden=\"true\"><path d=\"M22 11.08V12a10 10 0 1 1-5.93-9.14\"><\/path><polyline points=\"22 4 12 14.01 9 11.01\"><\/polyline><\/svg><\/div><span class=\"kt-svg-icon-list-text\">Aber auch: Trennung als eine L\u00f6sungsm\u00f6glichkeit wahrnehmen<\/span><\/li><\/ul><\/div>\n<\/div><\/div>\n<\/div><\/div><\/div>\n\n\n<style>.wp-block-kadence-advancedheading.kt-adv-heading_2f18fb-4d, .wp-block-kadence-advancedheading.kt-adv-heading_2f18fb-4d[data-kb-block=\"kb-adv-heading_2f18fb-4d\"]{margin-top:0px;margin-bottom:80px;text-align:center;font-style:normal;}.wp-block-kadence-advancedheading.kt-adv-heading_2f18fb-4d mark.kt-highlight, .wp-block-kadence-advancedheading.kt-adv-heading_2f18fb-4d[data-kb-block=\"kb-adv-heading_2f18fb-4d\"] mark.kt-highlight{font-style:normal;color:#f76a0c;-webkit-box-decoration-break:clone;box-decoration-break:clone;padding-top:0px;padding-right:0px;padding-bottom:0px;padding-left:0px;}.wp-block-kadence-advancedheading.kt-adv-heading_2f18fb-4d img.kb-inline-image, .wp-block-kadence-advancedheading.kt-adv-heading_2f18fb-4d[data-kb-block=\"kb-adv-heading_2f18fb-4d\"] img.kb-inline-image{width:150px;vertical-align:baseline;}<\/style>\n<h2 class=\"kt-adv-heading_2f18fb-4d wp-block-kadence-advancedheading\" data-kb-block=\"kb-adv-heading_2f18fb-4d\">Rufen Sie mich gerne f\u00fcr ein kostenloses Kennenlern-Gespr\u00e4ch an.<\/h2>\n\n\n<style>#kt-layout-id_365a3f-a5 > .kt-row-column-wrap{align-content:center;}:where(#kt-layout-id_365a3f-a5 > .kt-row-column-wrap) > .wp-block-kadence-column{justify-content:center;}#kt-layout-id_365a3f-a5 > .kt-row-column-wrap{column-gap:var(--global-kb-gap-md, 2rem);row-gap:var(--global-kb-gap-md, 2rem);max-width:2000px;margin-left:auto;margin-right:auto;padding-top:var( --global-kb-row-default-top, 25px );padding-bottom:var( --global-kb-row-default-bottom, 25px );padding-top:200px;padding-bottom:200px;min-height:750px;grid-template-columns:minmax(0, 1fr);}#kt-layout-id_365a3f-a5 > .kt-row-layout-overlay{opacity:0.80;mix-blend-mode:color;}@media all and (max-width: 1024px){#kt-layout-id_365a3f-a5 > .kt-row-column-wrap{grid-template-columns:minmax(0, 1fr);}}@media all and (max-width: 767px){#kt-layout-id_365a3f-a5 > .kt-row-column-wrap{max-width:200px;margin-left:auto;margin-right:auto;padding-bottom:200px;min-height:200px;grid-template-columns:minmax(0, 1fr);}}<\/style>\n<div class=\"wp-block-kadence-rowlayout alignfull\"><div id=\"kt-layout-id_365a3f-a5\" class=\"kt-row-layout-inner kt-row-has-bg kt-layout-id_365a3f-a5\"><div class=\"kt-blocks-carousel kb-blocks-bg-slider kt-carousel-container-dotstyle-dark\"><div class=\"kt-blocks-carousel-init kb-blocks-bg-slider-init kt-carousel-arrowstyle-none kt-carousel-dotstyle-dark\" data-slider-anim-speed=\"400\" data-slider-type=\"slider\" data-slider-scroll=\"1\" data-slider-arrows=\"false\" data-slider-fade=\"true\" data-slider-dots=\"true\" data-slider-hover-pause=\"false\" data-slider-auto=\"true\" data-slider-speed=\"7000\"><div class=\"kb-bg-slide-contain\"><div class=\"kb-bg-slide kb-bg-slide-0\" style=\"background-image:url(https:\/\/www.xn--praxis-tinawei-egb.de\/wp-content\/uploads\/2022\/03\/tina_weiss13b.jpg);background-size:cover;background-position:center center;background-repeat:no-repeat\"><\/div><\/div><div class=\"kb-bg-slide-contain\"><div class=\"kb-bg-slide kb-bg-slide-1\" style=\"background-image:url(https:\/\/www.xn--praxis-tinawei-egb.de\/wp-content\/uploads\/2022\/03\/tina_weiss14c.jpg);background-size:cover;background-position:center center;background-repeat:no-repeat\"><\/div><\/div><div class=\"kb-bg-slide-contain\"><div class=\"kb-bg-slide kb-bg-slide-2\" style=\"background-image:url(https:\/\/www.xn--praxis-tinawei-egb.de\/wp-content\/uploads\/2022\/03\/tina_weiss15b.jpg);background-size:cover;background-position:center center;background-repeat:no-repeat\"><\/div><\/div><div class=\"kb-bg-slide-contain\"><div class=\"kb-bg-slide kb-bg-slide-3\" style=\"background-image:url(https:\/\/www.xn--praxis-tinawei-egb.de\/wp-content\/uploads\/2022\/03\/tina_weiss16b.jpg);background-size:cover;background-position:center center;background-repeat:no-repeat\"><\/div><\/div><\/div><\/div><div class=\"kt-row-column-wrap kt-has-1-columns kt-gutter-default kt-v-gutter-default kt-row-valign-middle kt-row-layout-equal kt-tab-layout-inherit kt-m-colapse-left-to-right kt-mobile-layout-row\"><style>.kadence-column_d67552-05 > .kt-inside-inner-col{border-top-width:0px;border-right-width:0px;border-bottom-width:0px;border-left-width:0px;}.kadence-column_d67552-05 > .kt-inside-inner-col,.kadence-column_d67552-05 > .kt-inside-inner-col:before{border-top-left-radius:0px;border-top-right-radius:0px;border-bottom-right-radius:0px;border-bottom-left-radius:0px;}.kadence-column_d67552-05 > .kt-inside-inner-col{column-gap:var(--global-kb-gap-sm, 1rem);}.kadence-column_d67552-05 > .kt-inside-inner-col{flex-direction:column;}.kadence-column_d67552-05 > .kt-inside-inner-col > .aligncenter{width:100%;}.kadence-column_d67552-05 > .kt-inside-inner-col:before{opacity:0.3;}.kadence-column_d67552-05{position:relative;}@media all and (max-width: 1024px){.kadence-column_d67552-05 > .kt-inside-inner-col{flex-direction:column;justify-content:center;}}@media all and (max-width: 767px){.kadence-column_d67552-05 > .kt-inside-inner-col{flex-direction:column;justify-content:center;}}<\/style>\n<div class=\"wp-block-kadence-column inner-column-1 kadence-column_d67552-05\"><div class=\"kt-inside-inner-col\"><\/div><\/div>\n<\/div><\/div><\/div>\n\n\n\n<p><\/p>\n","protected":false},"excerpt":{"rendered":"<p>Paarberatung. Sch\u00f6n, dass Sie da sind! Wir kennen uns bereits\u2026? Das ist sehr gut m\u00f6glich! Vielleicht sind wir uns im Rahmen meiner fr\u00fcheren Passion, dem Planen von Hochzeiten oder in meiner Brautmodenboutique in Limburg schon begegnet?Durch die Arbeit in der Hochzeitsbranche lagen mir Paare schon immer am Herzen. Daran hat sich bis heute nichts ge\u00e4ndert!&#8230;<\/p>\n","protected":false},"author":1,"featured_media":1482,"parent":0,"menu_order":0,"comment_status":"closed","ping_status":"closed","template":"","meta":{"_kad_post_transparent":"","_kad_post_title":"","_kad_post_layout":"fullwidth","_kad_post_sidebar_id":"","_kad_post_content_style":"default","_kad_post_vertical_padding":"default","_kad_post_feature":"","_kad_post_feature_position":"","_kad_post_header":false,"_kad_post_footer":false,"_kad_post_classname":"","footnotes":""},"class_list":["post-1556","page","type-page","status-publish","has-post-thumbnail","hentry"],"_links":{"self":[{"href":"https:\/\/www.xn--praxis-tinawei-egb.de\/index.php\/wp-json\/wp\/v2\/pages\/1556","targetHints":{"allow":["GET"]}}],"collection":[{"href":"https:\/\/www.xn--praxis-tinawei-egb.de\/index.php\/wp-json\/wp\/v2\/pages"}],"about":[{"href":"https:\/\/www.xn--praxis-tinawei-egb.de\/index.php\/wp-json\/wp\/v2\/types\/page"}],"author":[{"embeddable":true,"href":"https:\/\/www.xn--praxis-tinawei-egb.de\/index.php\/wp-json\/wp\/v2\/users\/1"}],"replies":[{"embeddable":true,"href":"https:\/\/www.xn--praxis-tinawei-egb.de\/index.php\/wp-json\/wp\/v2\/comments?post=1556"}],"version-history":[{"count":0,"href":"https:\/\/www.xn--praxis-tinawei-egb.de\/index.php\/wp-json\/wp\/v2\/pages\/1556\/revisions"}],"wp:featuredmedia":[{"embeddable":true,"href":"https:\/\/www.xn--praxis-tinawei-egb.de\/index.php\/wp-json\/wp\/v2\/media\/1482"}],"wp:attachment":[{"href":"https:\/\/www.xn--praxis-tinawei-egb.de\/index.php\/wp-json\/wp\/v2\/media?parent=1556"}],"curies":[{"name":"wp","href":"https:\/\/api.w.org\/{rel}","templated":true}]}}