{"id":1565,"date":"2022-03-16T09:52:56","date_gmt":"2022-03-16T09:52:56","guid":{"rendered":"http:\/\/www.xn--praxis-tinawei-egb.de\/?page_id=1565"},"modified":"2022-03-22T15:36:33","modified_gmt":"2022-03-22T15:36:33","slug":"therapie","status":"publish","type":"page","link":"https:\/\/www.xn--praxis-tinawei-egb.de\/index.php\/therapie\/","title":{"rendered":"Therapie"},"content":{"rendered":"<style>.wp-block-kadence-advancedheading.kt-adv-heading_40275b-ce, .wp-block-kadence-advancedheading.kt-adv-heading_40275b-ce[data-kb-block=\"kb-adv-heading_40275b-ce\"]{margin-top:120px;margin-bottom:25px;text-align:center;font-size:2.2em;line-height:1.2em;font-weight:700;font-style:normal;}.wp-block-kadence-advancedheading.kt-adv-heading_40275b-ce mark.kt-highlight, .wp-block-kadence-advancedheading.kt-adv-heading_40275b-ce[data-kb-block=\"kb-adv-heading_40275b-ce\"] mark.kt-highlight{font-weight:normal;font-style:normal;-webkit-box-decoration-break:clone;box-decoration-break:clone;padding-top:0px;padding-right:0px;padding-bottom:0px;padding-left:0px;}.wp-block-kadence-advancedheading.kt-adv-heading_40275b-ce img.kb-inline-image, .wp-block-kadence-advancedheading.kt-adv-heading_40275b-ce[data-kb-block=\"kb-adv-heading_40275b-ce\"] img.kb-inline-image{width:150px;vertical-align:baseline;}<\/style>\n<h2 class=\"kt-adv-heading_40275b-ce wp-block-kadence-advancedheading has-kb-palette-4-color has-text-color\" data-kb-block=\"kb-adv-heading_40275b-ce\">Ein alter Indianer erz\u00e4hlt seinem enkel<\/h2>\n\n\n<style>.wp-block-kadence-advancedheading.kt-adv-heading_0ee6b6-1b, .wp-block-kadence-advancedheading.kt-adv-heading_0ee6b6-1b[data-kb-block=\"kb-adv-heading_0ee6b6-1b\"]{text-align:center;font-size:1.2em;line-height:1.7em;font-weight:normal;font-style:normal;}.wp-block-kadence-advancedheading.kt-adv-heading_0ee6b6-1b mark.kt-highlight, .wp-block-kadence-advancedheading.kt-adv-heading_0ee6b6-1b[data-kb-block=\"kb-adv-heading_0ee6b6-1b\"] mark.kt-highlight{font-weight:normal;font-style:normal;color:#f76a0c;-webkit-box-decoration-break:clone;box-decoration-break:clone;padding-top:0px;padding-right:0px;padding-bottom:0px;padding-left:0px;}.wp-block-kadence-advancedheading.kt-adv-heading_0ee6b6-1b img.kb-inline-image, .wp-block-kadence-advancedheading.kt-adv-heading_0ee6b6-1b[data-kb-block=\"kb-adv-heading_0ee6b6-1b\"] img.kb-inline-image{width:150px;vertical-align:baseline;}<\/style>\n<div class=\"kt-adv-heading_0ee6b6-1b wp-block-kadence-advancedheading has-theme-palette-5-color has-text-color\" data-kb-block=\"kb-adv-heading_0ee6b6-1b\">In meiner Brust wohnen und k\u00e4mpfen zwei W\u00f6lfe.<br>Einer davon ist der Wolf der Dunkelheit, des Neides, der Verzweiflung, der Angst und des Misstrauens.<br>Der andere ist der Wolf des Lichtes, der Liebe, der Lust und der Lebensfreude.<br><br>Fragt der Enkel: Und welcher der Beiden wird gewinnen?<br>Der alte Indianer antwortet seelenruhig:<\/div>\n\n\n<style>.wp-block-kadence-advancedheading.kt-adv-heading_05cb88-b0, .wp-block-kadence-advancedheading.kt-adv-heading_05cb88-b0[data-kb-block=\"kb-adv-heading_05cb88-b0\"]{text-align:center;font-size:2.2em;line-height:1.7em;font-weight:normal;font-style:normal;color:#ffc1b4;}.wp-block-kadence-advancedheading.kt-adv-heading_05cb88-b0 mark.kt-highlight, .wp-block-kadence-advancedheading.kt-adv-heading_05cb88-b0[data-kb-block=\"kb-adv-heading_05cb88-b0\"] mark.kt-highlight{font-weight:normal;font-style:normal;-webkit-box-decoration-break:clone;box-decoration-break:clone;padding-top:0px;padding-right:0px;padding-bottom:0px;padding-left:0px;}.wp-block-kadence-advancedheading.kt-adv-heading_05cb88-b0 img.kb-inline-image, .wp-block-kadence-advancedheading.kt-adv-heading_05cb88-b0[data-kb-block=\"kb-adv-heading_05cb88-b0\"] img.kb-inline-image{width:150px;vertical-align:baseline;}<\/style>\n<h5 class=\"kt-adv-heading_05cb88-b0 wp-block-kadence-advancedheading\" data-kb-block=\"kb-adv-heading_05cb88-b0\">Der, den ich f\u00fcttere.<\/h5>\n\n\n<style>#kt-layout-id_e8b9f1-8f{margin-top:50px;margin-bottom:100px;}#kt-layout-id_e8b9f1-8f > .kt-row-column-wrap{align-content:center;}:where(#kt-layout-id_e8b9f1-8f > .kt-row-column-wrap) > .wp-block-kadence-column{justify-content:center;}#kt-layout-id_e8b9f1-8f > .kt-row-column-wrap{column-gap:var(--global-kb-gap-none, 0rem );row-gap:var(--global-kb-gap-none, 0rem );max-width:var( --global-content-width, 1290px );padding-left:var(--global-content-edge-padding);padding-right:var(--global-content-edge-padding);padding-top:var( --global-kb-row-default-top, 25px );padding-bottom:var( --global-kb-row-default-bottom, 25px );padding-top:0px;padding-bottom:0px;min-height:400px;grid-template-columns:minmax(0, 1fr);}#kt-layout-id_e8b9f1-8f > .kt-row-layout-overlay{opacity:0.30;}@media all and (max-width: 1024px){#kt-layout-id_e8b9f1-8f > .kt-row-column-wrap{grid-template-columns:minmax(0, 1fr);}}@media all and (max-width: 767px){#kt-layout-id_e8b9f1-8f{margin-top:30px;margin-bottom:0px;}#kt-layout-id_e8b9f1-8f > .kt-row-column-wrap{grid-template-columns:minmax(0, 1fr);}}<\/style>\n<div class=\"wp-block-kadence-rowlayout alignnone\"><div id=\"kt-layout-id_e8b9f1-8f\" class=\"kt-row-layout-inner kt-layout-id_e8b9f1-8f\"><div class=\"kt-row-column-wrap kt-has-1-columns kt-gutter-none kt-v-gutter-none kt-row-valign-middle kt-row-layout-equal kt-tab-layout-inherit kt-m-colapse-left-to-right kt-mobile-layout-row kt-inner-column-height-full kb-theme-content-width\"><style>.kadence-column_775d4f-6e > .kt-inside-inner-col{padding-top:0px;padding-bottom:0px;padding-left:0px;padding-right:0px;}.kadence-column_775d4f-6e > .kt-inside-inner-col{border-top-width:0px;border-right-width:0px;border-bottom-width:0px;border-left-width:0px;}.kadence-column_775d4f-6e > .kt-inside-inner-col,.kadence-column_775d4f-6e > .kt-inside-inner-col:before{border-top-left-radius:6px;border-top-right-radius:6px;border-bottom-right-radius:6px;border-bottom-left-radius:6px;}.kadence-column_775d4f-6e > .kt-inside-inner-col{column-gap:var(--global-kb-gap-sm, 1rem);}.kadence-column_775d4f-6e > .kt-inside-inner-col{flex-direction:column;}.kadence-column_775d4f-6e > .kt-inside-inner-col > .aligncenter{width:100%;}.kadence-column_775d4f-6e > .kt-inside-inner-col{background-image:url('https:\/\/www.xn--praxis-tinawei-egb.de\/wp-content\/uploads\/2022\/03\/tina_weiss7.jpg');background-size:cover;background-position:51% 57.99999999999999%;background-attachment:scroll;background-repeat:no-repeat;}.kadence-column_775d4f-6e > .kt-inside-inner-col:before{opacity:0.3;}.kadence-column_775d4f-6e{position:relative;}.wp-block-kadence-column.kadence-column_775d4f-6e > .kt-inside-inner-col{margin-top:0px;margin-bottom:50px;margin-right:0px;margin-left:0px;}@media all and (max-width: 1024px){.kadence-column_775d4f-6e > .kt-inside-inner-col{flex-direction:column;justify-content:center;}}@media all and (max-width: 767px){.kadence-column_775d4f-6e > .kt-inside-inner-col{flex-direction:column;justify-content:center;}}<\/style>\n<div class=\"wp-block-kadence-column inner-column-1 kadence-column_775d4f-6e\"><div class=\"kt-inside-inner-col\"><\/div><\/div>\n<\/div><\/div><\/div>\n\n\n\n<h2 class=\"has-text-align-center wp-block-heading\">Therapie<\/h2>\n\n\n\n<div class=\"wp-block-group\" style=\"padding-bottom:50px\"><div class=\"wp-block-group__inner-container is-layout-flow wp-block-group-is-layout-flow\">\n<div class=\"wp-block-buttons is-content-justification-center is-layout-flex wp-container-core-buttons-is-layout-16018d1d wp-block-buttons-is-layout-flex\">\n<div class=\"wp-block-button has-custom-width wp-block-button__width-25 has-custom-font-size\" style=\"font-size:13px\"><a class=\"wp-block-button__link\" style=\"border-radius:8px\">Lebenskrisen verarbeiten<\/a><\/div>\n\n\n\n<div class=\"wp-block-button has-custom-width wp-block-button__width-25 has-custom-font-size is-style-fill\" style=\"font-size:13px\"><a class=\"wp-block-button__link\" style=\"border-radius:8px\">\u00c4ngste \u00fcberwinden<\/a><\/div>\n<\/div>\n<\/div><\/div>\n\n\n\n<div class=\"wp-block-cover alignfull has-parallax\" style=\"background-image:url(https:\/\/www.xn--praxis-tinawei-egb.de\/wp-content\/uploads\/2022\/03\/tina_weiss8.jpg)\"><span aria-hidden=\"true\" class=\"has-background-dim-60 wp-block-cover__gradient-background has-background-dim has-background-gradient\" style=\"background:radial-gradient(rgb(255,193,180) 2%,rgb(64,54,29) 100%)\"><\/span><div class=\"wp-block-cover__inner-container is-layout-flow wp-block-cover-is-layout-flow\">\n<p class=\"has-large-font-size\"><\/p>\n<\/div><\/div>\n\n\n\n<p><\/p>\n","protected":false},"excerpt":{"rendered":"<p>Ein alter Indianer erz\u00e4hlt seinem enkel In meiner Brust wohnen und k\u00e4mpfen zwei W\u00f6lfe.Einer davon ist der Wolf der Dunkelheit, des Neides, der Verzweiflung, der Angst und des Misstrauens.Der andere ist der Wolf des Lichtes, der Liebe, der Lust und der Lebensfreude. Fragt der Enkel: Und welcher der Beiden wird gewinnen?Der alte Indianer antwortet seelenruhig:&#8230;<\/p>\n","protected":false},"author":1,"featured_media":1482,"parent":0,"menu_order":0,"comment_status":"closed","ping_status":"closed","template":"","meta":{"_kad_post_transparent":"","_kad_post_title":"","_kad_post_layout":"default","_kad_post_sidebar_id":"","_kad_post_content_style":"unboxed","_kad_post_vertical_padding":"default","_kad_post_feature":"","_kad_post_feature_position":"","_kad_post_header":false,"_kad_post_footer":false,"_kad_post_classname":"","footnotes":""},"class_list":["post-1565","page","type-page","status-publish","has-post-thumbnail","hentry"],"_links":{"self":[{"href":"https:\/\/www.xn--praxis-tinawei-egb.de\/index.php\/wp-json\/wp\/v2\/pages\/1565","targetHints":{"allow":["GET"]}}],"collection":[{"href":"https:\/\/www.xn--praxis-tinawei-egb.de\/index.php\/wp-json\/wp\/v2\/pages"}],"about":[{"href":"https:\/\/www.xn--praxis-tinawei-egb.de\/index.php\/wp-json\/wp\/v2\/types\/page"}],"author":[{"embeddable":true,"href":"https:\/\/www.xn--praxis-tinawei-egb.de\/index.php\/wp-json\/wp\/v2\/users\/1"}],"replies":[{"embeddable":true,"href":"https:\/\/www.xn--praxis-tinawei-egb.de\/index.php\/wp-json\/wp\/v2\/comments?post=1565"}],"version-history":[{"count":0,"href":"https:\/\/www.xn--praxis-tinawei-egb.de\/index.php\/wp-json\/wp\/v2\/pages\/1565\/revisions"}],"wp:featuredmedia":[{"embeddable":true,"href":"https:\/\/www.xn--praxis-tinawei-egb.de\/index.php\/wp-json\/wp\/v2\/media\/1482"}],"wp:attachment":[{"href":"https:\/\/www.xn--praxis-tinawei-egb.de\/index.php\/wp-json\/wp\/v2\/media?parent=1565"}],"curies":[{"name":"wp","href":"https:\/\/api.w.org\/{rel}","templated":true}]}}